{"id":63,"date":"2024-09-18T12:06:16","date_gmt":"2024-09-18T15:06:16","guid":{"rendered":"https:\/\/vagasrj.org\/br\/?page_id=63"},"modified":"2024-09-19T15:08:32","modified_gmt":"2024-09-19T18:08:32","slug":"home","status":"publish","type":"page","link":"https:\/\/vagasrj.org\/br\/","title":{"rendered":"Home"},"content":{"rendered":"<ul style=\"background:linear-gradient(180deg,rgb(255,255,255) 0%,rgb(250,250,250) 41%,rgb(247,247,247) 66%,rgb(255,255,255) 100%);\" class=\"wp-block-latest-posts__list alignwide wp-block-latest-posts has-background\"><li><div class=\"wp-block-latest-posts__featured-image alignleft\"><a href=\"https:\/\/vagasrj.org\/br\/como-ganhar-dinheiro-criando-memes-e-videos-engracados-o-guia-completo-para-aumentar-sua-renda\/\" aria-label=\"Como Ganhar Dinheiro Criando Memes e V\u00eddeos Engra\u00e7ados: O Guia Completo para Aumentar sua Renda\"><img loading=\"lazy\" decoding=\"async\" width=\"300\" height=\"163\" src=\"https:\/\/vagasrj.org\/br\/wp-content\/uploads\/2024\/09\/meme-300x163.jpg\" class=\"attachment-medium size-medium wp-post-image\" alt=\"\" style=\"\" srcset=\"https:\/\/vagasrj.org\/br\/wp-content\/uploads\/2024\/09\/meme-300x163.jpg 300w, https:\/\/vagasrj.org\/br\/wp-content\/uploads\/2024\/09\/meme-1024x558.jpg 1024w, https:\/\/vagasrj.org\/br\/wp-content\/uploads\/2024\/09\/meme-768x418.jpg 768w, https:\/\/vagasrj.org\/br\/wp-content\/uploads\/2024\/09\/meme.jpg 1206w\" sizes=\"auto, (max-width: 300px) 100vw, 300px\" \/><\/a><\/div><a class=\"wp-block-latest-posts__post-title\" href=\"https:\/\/vagasrj.org\/br\/como-ganhar-dinheiro-criando-memes-e-videos-engracados-o-guia-completo-para-aumentar-sua-renda\/\">Como Ganhar Dinheiro Criando Memes e V\u00eddeos Engra\u00e7ados: O Guia Completo para Aumentar sua Renda<\/a><div class=\"wp-block-latest-posts__post-excerpt\">Nos dias de hoje, criar memes e v\u00eddeos engra\u00e7ados n\u00e3o \u00e9 apenas uma forma de entretenimento; pode se tornar uma fonte significativa de renda. Com a ascens\u00e3o das redes sociais, as oportunidades para monetizar seu conte\u00fado aumentaram exponencialmente. Se voc\u00ea est\u00e1 procurando uma maneira divertida e lucrativa de ganhar dinheiro online, este artigo \u00e9 para &#8230; <a title=\"Como Ganhar Dinheiro Criando Memes e V\u00eddeos Engra\u00e7ados: O Guia Completo para Aumentar sua Renda\" class=\"read-more\" href=\"https:\/\/vagasrj.org\/br\/como-ganhar-dinheiro-criando-memes-e-videos-engracados-o-guia-completo-para-aumentar-sua-renda\/\" aria-label=\"Read more about Como Ganhar Dinheiro Criando Memes e V\u00eddeos Engra\u00e7ados: O Guia Completo para Aumentar sua Renda\">Ler mais<\/a><\/div><\/li>\n<\/ul>\n\n\n<hr class=\"wp-block-separator has-alpha-channel-opacity is-style-dots\"\/>\n\n\n\n<h2 class=\"wp-block-heading\">Dicas<\/h2>\n\n\n<ul class=\"wp-block-latest-posts__list is-grid columns-3 alignwide wp-block-latest-posts has-background has-base-3-background-color\"><li><div class=\"wp-block-latest-posts__featured-image\"><img loading=\"lazy\" decoding=\"async\" width=\"150\" height=\"150\" src=\"https:\/\/vagasrj.org\/br\/wp-content\/uploads\/2024\/09\/meme-150x150.jpg\" class=\"attachment-thumbnail size-thumbnail wp-post-image\" alt=\"\" style=\"\" \/><\/div><a class=\"wp-block-latest-posts__post-title\" href=\"https:\/\/vagasrj.org\/br\/como-ganhar-dinheiro-criando-memes-e-videos-engracados-o-guia-completo-para-aumentar-sua-renda\/\">Como Ganhar Dinheiro Criando Memes e V\u00eddeos Engra\u00e7ados: O Guia Completo para Aumentar sua Renda<\/a><div class=\"wp-block-latest-posts__post-excerpt\">Nos dias de hoje, criar memes e v\u00eddeos engra\u00e7ados n\u00e3o \u00e9 apenas uma forma de entretenimento; pode se tornar uma &#8230; <a title=\"Como Ganhar Dinheiro Criando Memes e V\u00eddeos Engra\u00e7ados: O Guia Completo para Aumentar sua Renda\" class=\"read-more\" href=\"https:\/\/vagasrj.org\/br\/como-ganhar-dinheiro-criando-memes-e-videos-engracados-o-guia-completo-para-aumentar-sua-renda\/\" aria-label=\"Read more about Como Ganhar Dinheiro Criando Memes e V\u00eddeos Engra\u00e7ados: O Guia Completo para Aumentar sua Renda\">Ler mais<\/a><\/div><\/li>\n<li><div class=\"wp-block-latest-posts__featured-image\"><img loading=\"lazy\" decoding=\"async\" width=\"150\" height=\"150\" src=\"https:\/\/vagasrj.org\/br\/wp-content\/uploads\/2024\/09\/capa-curriculos-150x150.jpg\" class=\"attachment-thumbnail size-thumbnail wp-post-image\" alt=\"\" style=\"\" \/><\/div><a class=\"wp-block-latest-posts__post-title\" href=\"https:\/\/vagasrj.org\/br\/como-criar-um-curriculo-imbativel-7-dicas-praticas-e-modelo-pronto\/\">Como Criar um Curr\u00edculo Imbat\u00edvel: 7 Dicas Pr\u00e1ticas e Modelo Pronto<\/a><div class=\"wp-block-latest-posts__post-excerpt\">Neste artigo, voc\u00ea vai descobrir tudo que precisa para elaborar um curr\u00edculo eficaz que chame a aten\u00e7\u00e3o dos recrutadores e &#8230; <a title=\"Como Criar um Curr\u00edculo Imbat\u00edvel: 7 Dicas Pr\u00e1ticas e Modelo Pronto\" class=\"read-more\" href=\"https:\/\/vagasrj.org\/br\/como-criar-um-curriculo-imbativel-7-dicas-praticas-e-modelo-pronto\/\" aria-label=\"Read more about Como Criar um Curr\u00edculo Imbat\u00edvel: 7 Dicas Pr\u00e1ticas e Modelo Pronto\">Ler mais<\/a><\/div><\/li>\n<li><div class=\"wp-block-latest-posts__featured-image\"><img loading=\"lazy\" decoding=\"async\" width=\"150\" height=\"150\" src=\"https:\/\/vagasrj.org\/br\/wp-content\/uploads\/2024\/09\/image-1-150x150.jpg\" class=\"attachment-thumbnail size-thumbnail wp-post-image\" alt=\"carta de apresentacao\" style=\"\" \/><\/div><a class=\"wp-block-latest-posts__post-title\" href=\"https:\/\/vagasrj.org\/br\/como-criar-uma-carta-de-apresentacao-que-se-destaque-exemplos-e-dicas\/\">Como Criar uma Carta de Apresenta\u00e7\u00e3o Que Se Destaque: Exemplos e Dicas<\/a><div class=\"wp-block-latest-posts__post-excerpt\">1. Introdu\u00e7\u00e3o Uma carta de apresenta\u00e7\u00e3o bem elaborada \u00e9 uma ferramenta crucial para se destacar no processo de sele\u00e7\u00e3o. Este &#8230; <a title=\"Como Criar uma Carta de Apresenta\u00e7\u00e3o Que Se Destaque: Exemplos e Dicas\" class=\"read-more\" href=\"https:\/\/vagasrj.org\/br\/como-criar-uma-carta-de-apresentacao-que-se-destaque-exemplos-e-dicas\/\" aria-label=\"Read more about Como Criar uma Carta de Apresenta\u00e7\u00e3o Que Se Destaque: Exemplos e Dicas\">Ler mais<\/a><\/div><\/li>\n<li><div class=\"wp-block-latest-posts__featured-image\"><img loading=\"lazy\" decoding=\"async\" width=\"150\" height=\"150\" src=\"https:\/\/vagasrj.org\/br\/wp-content\/uploads\/2024\/09\/image-2-150x150.jpg\" class=\"attachment-thumbnail size-thumbnail wp-post-image\" alt=\"curriculo vitae\" style=\"\" \/><\/div><a class=\"wp-block-latest-posts__post-title\" href=\"https:\/\/vagasrj.org\/br\/como-criar-um-curriculo-imbativel-dicas-e-exemplos-praticos\/\">Como Criar um Curr\u00edculo Imbat\u00edvel: Dicas e Exemplos Pr\u00e1ticos<\/a><div class=\"wp-block-latest-posts__post-excerpt\">Como Criar um Curr\u00edculo Imbat\u00edvel: Dicas e Exemplos Pr\u00e1ticos 1. Introdu\u00e7\u00e3o Um curr\u00edculo bem elaborado \u00e9 crucial para captar a &#8230; <a title=\"Como Criar um Curr\u00edculo Imbat\u00edvel: Dicas e Exemplos Pr\u00e1ticos\" class=\"read-more\" href=\"https:\/\/vagasrj.org\/br\/como-criar-um-curriculo-imbativel-dicas-e-exemplos-praticos\/\" aria-label=\"Read more about Como Criar um Curr\u00edculo Imbat\u00edvel: Dicas e Exemplos Pr\u00e1ticos\">Ler mais<\/a><\/div><\/li>\n<li><div class=\"wp-block-latest-posts__featured-image\"><img loading=\"lazy\" decoding=\"async\" width=\"150\" height=\"150\" src=\"https:\/\/vagasrj.org\/br\/wp-content\/uploads\/2024\/09\/image-3-150x150.jpg\" class=\"attachment-thumbnail size-thumbnail wp-post-image\" alt=\"entrevista de emprego\" style=\"\" \/><\/div><a class=\"wp-block-latest-posts__post-title\" href=\"https:\/\/vagasrj.org\/br\/como-responder-as-perguntas-mais-comuns-em-entrevistas-de-emprego\/\">Como Responder \u00e0s Perguntas Mais Comuns em Entrevistas de Emprego<\/a><div class=\"wp-block-latest-posts__post-excerpt\">Este guia vai te ajudar a se preparar para as perguntas mais comuns, garantindo que voc\u00ea esteja pronto para impressionar &#8230; <a title=\"Como Responder \u00e0s Perguntas Mais Comuns em Entrevistas de Emprego\" class=\"read-more\" href=\"https:\/\/vagasrj.org\/br\/como-responder-as-perguntas-mais-comuns-em-entrevistas-de-emprego\/\" aria-label=\"Read more about Como Responder \u00e0s Perguntas Mais Comuns em Entrevistas de Emprego\">Ler mais<\/a><\/div><\/li>\n<\/ul>\n\n\n<div class=\"wp-block-buttons is-content-justification-center is-layout-flex wp-container-core-buttons-is-layout-16018d1d wp-block-buttons-is-layout-flex\">\n<div class=\"wp-block-button has-custom-width wp-block-button__width-100 is-style-fill\"><a class=\"wp-block-button__link has-background wp-element-button\" href=\"https:\/\/vagasrj.org\/br\/dicas\/\" style=\"border-radius:30px;background-color:#248823\">Todas as dicas&gt;&gt;<\/a><\/div>\n<\/div>\n\n\n\n<hr class=\"wp-block-separator has-alpha-channel-opacity is-style-dots\"\/>\n\n\n\n<h2 class=\"wp-block-heading\">Utilidades<\/h2>\n\n\n<ul class=\"wp-block-latest-posts__list is-grid columns-3 alignwide wp-block-latest-posts has-background has-base-3-background-color\"><li><div class=\"wp-block-latest-posts__featured-image\"><img loading=\"lazy\" decoding=\"async\" width=\"150\" height=\"150\" src=\"https:\/\/vagasrj.org\/br\/wp-content\/uploads\/2024\/09\/image-150x150.jpg\" class=\"attachment-thumbnail size-thumbnail wp-post-image\" alt=\"carteira de traabalho digital\" style=\"\" \/><\/div><a class=\"wp-block-latest-posts__post-title\" href=\"https:\/\/vagasrj.org\/br\/tudo-o-que-voce-precisa-saber-sobre-a-carteira-de-trabalho-digital\/\">Tudo o que Voc\u00ea Precisa Saber Sobre a Carteira de Trabalho Digital<\/a><div class=\"wp-block-latest-posts__post-excerpt\">A Carteira de Trabalho Digital (CTPS Digital) \u00e9 uma inova\u00e7\u00e3o que visa modernizar e facilitar a gest\u00e3o de v\u00ednculos trabalhistas &#8230; <a title=\"Tudo o que Voc\u00ea Precisa Saber Sobre a Carteira de Trabalho Digital\" class=\"read-more\" href=\"https:\/\/vagasrj.org\/br\/tudo-o-que-voce-precisa-saber-sobre-a-carteira-de-trabalho-digital\/\" aria-label=\"Read more about Tudo o que Voc\u00ea Precisa Saber Sobre a Carteira de Trabalho Digital\">Ler mais<\/a><\/div><\/li>\n<\/ul>\n\n\n<div class=\"wp-block-buttons is-content-justification-center is-layout-flex wp-container-core-buttons-is-layout-16018d1d wp-block-buttons-is-layout-flex\">\n<div class=\"wp-block-button has-custom-width wp-block-button__width-100 is-style-fill\"><a class=\"wp-block-button__link has-background wp-element-button\" href=\"https:\/\/vagasrj.org\/br\/utilidades\/\" style=\"border-radius:30px;background-color:#248823\">Todas utilidades &gt;&gt;<\/a><\/div>\n<\/div>\n\n\n\n<hr class=\"wp-block-separator has-alpha-channel-opacity is-style-dots\"\/>\n\n\n\n<h2 class=\"wp-block-heading\">\u00daltimas Vagas de empregos<\/h2>\n\n\n<ul class=\"wp-block-latest-posts__list is-grid columns-3 alignwide wp-block-latest-posts has-background has-base-3-background-color\"><li><a class=\"wp-block-latest-posts__post-title\" href=\"https:\/\/vagasrj.org\/br\/como-trabalhar-de-representante-comercial-de-maquinas-de-cartao-de-credito-dicas-e-estrategias\/\">Como Trabalhar de Representante Comercial de M\u00e1quinas de Cart\u00e3o de Cr\u00e9dito: Dicas e Estrat\u00e9gias<\/a><div class=\"wp-block-latest-posts__post-excerpt\">Se voc\u00ea est\u00e1 considerando uma carreira como representante comercial de m\u00e1quinas de cart\u00e3o de cr\u00e9dito, este \u00e9 um setor repleto &#8230; <a title=\"Como Trabalhar de Representante Comercial de M\u00e1quinas de Cart\u00e3o de Cr\u00e9dito: Dicas e Estrat\u00e9gias\" class=\"read-more\" href=\"https:\/\/vagasrj.org\/br\/como-trabalhar-de-representante-comercial-de-maquinas-de-cartao-de-credito-dicas-e-estrategias\/\" aria-label=\"Read more about Como Trabalhar de Representante Comercial de M\u00e1quinas de Cart\u00e3o de Cr\u00e9dito: Dicas e Estrat\u00e9gias\">Ler mais<\/a><\/div><\/li>\n<li><a class=\"wp-block-latest-posts__post-title\" href=\"https:\/\/vagasrj.org\/br\/como-trabalhar-de-especialista-em-marketing-digital-e-alavancar-resultados-online\/\">Como Trabalhar de Especialista em Marketing Digital e Alavancar Resultados Online<\/a><div class=\"wp-block-latest-posts__post-excerpt\">Como Trabalhar de Especialista em Marketing Digital e Alavancar Resultados Online 1. Introdu\u00e7\u00e3o Ser um especialista em marketing digital \u00e9 &#8230; <a title=\"Como Trabalhar de Especialista em Marketing Digital e Alavancar Resultados Online\" class=\"read-more\" href=\"https:\/\/vagasrj.org\/br\/como-trabalhar-de-especialista-em-marketing-digital-e-alavancar-resultados-online\/\" aria-label=\"Read more about Como Trabalhar de Especialista em Marketing Digital e Alavancar Resultados Online\">Ler mais<\/a><\/div><\/li>\n<\/ul>\n\n\n<div class=\"wp-block-buttons is-content-justification-center is-layout-flex wp-container-core-buttons-is-layout-16018d1d wp-block-buttons-is-layout-flex\">\n<div class=\"wp-block-button has-custom-width wp-block-button__width-100 is-style-fill\"><a class=\"wp-block-button__link has-background wp-element-button\" href=\"https:\/\/vagasrj.org\/br\/empregos\/\" style=\"border-radius:30px;background-color:#248823\">Todas as vagas de empregos &gt;&gt;<\/a><\/div>\n<\/div>\n\n\n\n<hr class=\"wp-block-separator has-alpha-channel-opacity is-style-dots\"\/>\n\n\n\n<h2 class=\"wp-block-heading\">Categorias<\/h2>\n\n\n<ul class=\"wp-block-categories-list wp-block-categories has-medium-font-size\">\t<li class=\"cat-item cat-item-72\"><a href=\"https:\/\/vagasrj.org\/br\/bbb\/\">bbb<\/a> (1)\n<\/li>\n\t<li class=\"cat-item cat-item-67\"><a href=\"https:\/\/vagasrj.org\/br\/categoria-teste\/\">categoria teste<\/a> (1)\n<\/li>\n\t<li class=\"cat-item cat-item-5\"><a href=\"https:\/\/vagasrj.org\/br\/concursos\/\">Concursos<\/a> (0)\n<\/li>\n\t<li class=\"cat-item cat-item-4\"><a href=\"https:\/\/vagasrj.org\/br\/cursos\/\">Cursos<\/a> (2)\n<\/li>\n\t<li class=\"cat-item cat-item-3\"><a href=\"https:\/\/vagasrj.org\/br\/dicas\/\">Dicas<\/a> (5)\n<\/li>\n\t<li class=\"cat-item cat-item-68\"><a href=\"https:\/\/vagasrj.org\/br\/en\/\">EN &#8211; English<\/a> (1)\n<\/li>\n\t<li class=\"cat-item cat-item-8\"><a href=\"https:\/\/vagasrj.org\/br\/noticias\/\">Not\u00edcias<\/a> (0)\n<\/li>\n\t<li class=\"cat-item cat-item-1\"><a href=\"https:\/\/vagasrj.org\/br\/sem-categoria\/\">Sem categoria<\/a> (0)\n<\/li>\n\t<li class=\"cat-item cat-item-7\"><a href=\"https:\/\/vagasrj.org\/br\/utilidades\/\">Utilidades<\/a> (1)\n<\/li>\n\t<li class=\"cat-item cat-item-6\"><a href=\"https:\/\/vagasrj.org\/br\/empregos\/\">Vagas de Emprego<\/a> (2)\n<\/li>\n<\/ul>\n\n\n<p><\/p>\n","protected":false},"excerpt":{"rendered":"<p>Dicas Utilidades \u00daltimas Vagas de empregos Categorias<\/p>\n","protected":false},"author":1,"featured_media":0,"parent":0,"menu_order":0,"comment_status":"closed","ping_status":"closed","template":"","meta":{"footnotes":""},"class_list":["post-63","page","type-page","status-publish"],"yoast_head":"<!-- This site is optimized with the Yoast SEO plugin v26.7 - https:\/\/yoast.com\/wordpress\/plugins\/seo\/ -->\n<title>Home | Vagas Rj<\/title>\n<meta name=\"description\" content=\"Encontre oportunidades de emprego no Rio de Janeiro, leia not\u00edcias e artigos sobre o mercado de trabalho. Seu guia completo para o sucesso profissional - VagasRJ.org\" \/>\n<meta name=\"robots\" content=\"index, follow, max-snippet:-1, max-image-preview:large, max-video-preview:-1\" \/>\n<link rel=\"canonical\" href=\"https:\/\/vagasrj.org\/br\/\" \/>\n<meta property=\"og:locale\" content=\"pt_BR\" \/>\n<meta property=\"og:type\" content=\"article\" \/>\n<meta property=\"og:title\" content=\"Home | Vagas Rj\" \/>\n<meta property=\"og:description\" content=\"Encontre oportunidades de emprego no Rio de Janeiro, leia not\u00edcias e artigos sobre o mercado de trabalho. Seu guia completo para o sucesso profissional - VagasRJ.org\" \/>\n<meta property=\"og:url\" content=\"https:\/\/vagasrj.org\/br\/\" \/>\n<meta property=\"og:site_name\" content=\"Vagas Rj\" \/>\n<meta property=\"article:publisher\" content=\"https:\/\/www.facebook.com\/vagasdoriodejaneiro\" \/>\n<meta property=\"article:modified_time\" content=\"2024-09-19T18:08:32+00:00\" \/>\n<meta name=\"twitter:card\" content=\"summary_large_image\" \/>\n<meta name=\"twitter:label1\" content=\"Est. tempo de leitura\" \/>\n\t<meta name=\"twitter:data1\" content=\"1 minuto\" \/>\n<script type=\"application\/ld+json\" class=\"yoast-schema-graph\">{\"@context\":\"https:\/\/schema.org\",\"@graph\":[{\"@type\":\"WebPage\",\"@id\":\"https:\/\/vagasrj.org\/br\/\",\"url\":\"https:\/\/vagasrj.org\/br\/\",\"name\":\"Home | Vagas Rj\",\"isPartOf\":{\"@id\":\"https:\/\/vagasrj.org\/br\/#website\"},\"datePublished\":\"2024-09-18T15:06:16+00:00\",\"dateModified\":\"2024-09-19T18:08:32+00:00\",\"description\":\"Encontre oportunidades de emprego no Rio de Janeiro, leia not\u00edcias e artigos sobre o mercado de trabalho. Seu guia completo para o sucesso profissional - VagasRJ.org\",\"breadcrumb\":{\"@id\":\"https:\/\/vagasrj.org\/br\/#breadcrumb\"},\"inLanguage\":\"pt-BR\",\"potentialAction\":[{\"@type\":\"ReadAction\",\"target\":[\"https:\/\/vagasrj.org\/br\/\"]}]},{\"@type\":\"BreadcrumbList\",\"@id\":\"https:\/\/vagasrj.org\/br\/#breadcrumb\",\"itemListElement\":[{\"@type\":\"ListItem\",\"position\":1,\"name\":\"In\u00edcio\",\"item\":\"https:\/\/vagasrj.org\/br\/\"},{\"@type\":\"ListItem\",\"position\":2,\"name\":\"Home\"}]},{\"@type\":\"WebSite\",\"@id\":\"https:\/\/vagasrj.org\/br\/#website\",\"url\":\"https:\/\/vagasrj.org\/br\/\",\"name\":\"Vagas Rj\",\"description\":\"\",\"publisher\":{\"@id\":\"https:\/\/vagasrj.org\/br\/#organization\"},\"potentialAction\":[{\"@type\":\"SearchAction\",\"target\":{\"@type\":\"EntryPoint\",\"urlTemplate\":\"https:\/\/vagasrj.org\/br\/?s={search_term_string}\"},\"query-input\":{\"@type\":\"PropertyValueSpecification\",\"valueRequired\":true,\"valueName\":\"search_term_string\"}}],\"inLanguage\":\"pt-BR\"},{\"@type\":\"Organization\",\"@id\":\"https:\/\/vagasrj.org\/br\/#organization\",\"name\":\"Vagas Rj\",\"url\":\"https:\/\/vagasrj.org\/br\/\",\"logo\":{\"@type\":\"ImageObject\",\"inLanguage\":\"pt-BR\",\"@id\":\"https:\/\/vagasrj.org\/br\/#\/schema\/logo\/image\/\",\"url\":\"https:\/\/vagasrj.org\/br\/wp-content\/uploads\/2024\/09\/a.png\",\"contentUrl\":\"https:\/\/vagasrj.org\/br\/wp-content\/uploads\/2024\/09\/a.png\",\"width\":184,\"height\":184,\"caption\":\"Vagas Rj\"},\"image\":{\"@id\":\"https:\/\/vagasrj.org\/br\/#\/schema\/logo\/image\/\"},\"sameAs\":[\"https:\/\/www.facebook.com\/vagasdoriodejaneiro\"]}]}<\/script>\n<!-- \/ Yoast SEO plugin. -->","yoast_head_json":{"title":"Home | Vagas Rj","description":"Encontre oportunidades de emprego no Rio de Janeiro, leia not\u00edcias e artigos sobre o mercado de trabalho. Seu guia completo para o sucesso profissional - VagasRJ.org","robots":{"index":"index","follow":"follow","max-snippet":"max-snippet:-1","max-image-preview":"max-image-preview:large","max-video-preview":"max-video-preview:-1"},"canonical":"https:\/\/vagasrj.org\/br\/","og_locale":"pt_BR","og_type":"article","og_title":"Home | Vagas Rj","og_description":"Encontre oportunidades de emprego no Rio de Janeiro, leia not\u00edcias e artigos sobre o mercado de trabalho. Seu guia completo para o sucesso profissional - VagasRJ.org","og_url":"https:\/\/vagasrj.org\/br\/","og_site_name":"Vagas Rj","article_publisher":"https:\/\/www.facebook.com\/vagasdoriodejaneiro","article_modified_time":"2024-09-19T18:08:32+00:00","twitter_card":"summary_large_image","twitter_misc":{"Est. tempo de leitura":"1 minuto"},"schema":{"@context":"https:\/\/schema.org","@graph":[{"@type":"WebPage","@id":"https:\/\/vagasrj.org\/br\/","url":"https:\/\/vagasrj.org\/br\/","name":"Home | Vagas Rj","isPartOf":{"@id":"https:\/\/vagasrj.org\/br\/#website"},"datePublished":"2024-09-18T15:06:16+00:00","dateModified":"2024-09-19T18:08:32+00:00","description":"Encontre oportunidades de emprego no Rio de Janeiro, leia not\u00edcias e artigos sobre o mercado de trabalho. Seu guia completo para o sucesso profissional - VagasRJ.org","breadcrumb":{"@id":"https:\/\/vagasrj.org\/br\/#breadcrumb"},"inLanguage":"pt-BR","potentialAction":[{"@type":"ReadAction","target":["https:\/\/vagasrj.org\/br\/"]}]},{"@type":"BreadcrumbList","@id":"https:\/\/vagasrj.org\/br\/#breadcrumb","itemListElement":[{"@type":"ListItem","position":1,"name":"In\u00edcio","item":"https:\/\/vagasrj.org\/br\/"},{"@type":"ListItem","position":2,"name":"Home"}]},{"@type":"WebSite","@id":"https:\/\/vagasrj.org\/br\/#website","url":"https:\/\/vagasrj.org\/br\/","name":"Vagas Rj","description":"","publisher":{"@id":"https:\/\/vagasrj.org\/br\/#organization"},"potentialAction":[{"@type":"SearchAction","target":{"@type":"EntryPoint","urlTemplate":"https:\/\/vagasrj.org\/br\/?s={search_term_string}"},"query-input":{"@type":"PropertyValueSpecification","valueRequired":true,"valueName":"search_term_string"}}],"inLanguage":"pt-BR"},{"@type":"Organization","@id":"https:\/\/vagasrj.org\/br\/#organization","name":"Vagas Rj","url":"https:\/\/vagasrj.org\/br\/","logo":{"@type":"ImageObject","inLanguage":"pt-BR","@id":"https:\/\/vagasrj.org\/br\/#\/schema\/logo\/image\/","url":"https:\/\/vagasrj.org\/br\/wp-content\/uploads\/2024\/09\/a.png","contentUrl":"https:\/\/vagasrj.org\/br\/wp-content\/uploads\/2024\/09\/a.png","width":184,"height":184,"caption":"Vagas Rj"},"image":{"@id":"https:\/\/vagasrj.org\/br\/#\/schema\/logo\/image\/"},"sameAs":["https:\/\/www.facebook.com\/vagasdoriodejaneiro"]}]}},"_links":{"self":[{"href":"https:\/\/vagasrj.org\/br\/wp-json\/wp\/v2\/pages\/63","targetHints":{"allow":["GET"]}}],"collection":[{"href":"https:\/\/vagasrj.org\/br\/wp-json\/wp\/v2\/pages"}],"about":[{"href":"https:\/\/vagasrj.org\/br\/wp-json\/wp\/v2\/types\/page"}],"author":[{"embeddable":true,"href":"https:\/\/vagasrj.org\/br\/wp-json\/wp\/v2\/users\/1"}],"replies":[{"embeddable":true,"href":"https:\/\/vagasrj.org\/br\/wp-json\/wp\/v2\/comments?post=63"}],"version-history":[{"count":11,"href":"https:\/\/vagasrj.org\/br\/wp-json\/wp\/v2\/pages\/63\/revisions"}],"predecessor-version":[{"id":92,"href":"https:\/\/vagasrj.org\/br\/wp-json\/wp\/v2\/pages\/63\/revisions\/92"}],"wp:attachment":[{"href":"https:\/\/vagasrj.org\/br\/wp-json\/wp\/v2\/media?parent=63"}],"curies":[{"name":"wp","href":"https:\/\/api.w.org\/{rel}","templated":true}]}}